{"id":937,"date":"2025-05-14T20:32:24","date_gmt":"2025-05-15T01:32:24","guid":{"rendered":"https:\/\/rgztechnology.com\/?page_id=937"},"modified":"2025-05-14T20:36:08","modified_gmt":"2025-05-15T01:36:08","slug":"instrumentacion-de-campo","status":"publish","type":"page","link":"https:\/\/rgztechnology.com\/index.php\/instrumentacion-de-campo\/","title":{"rendered":"Instrumentaci\u00f3n de Campo"},"content":{"rendered":"\t\t<div data-elementor-type=\"wp-page\" data-elementor-id=\"937\" class=\"elementor elementor-937\" data-elementor-post-type=\"page\">\n\t\t\t\t\t\t<section class=\"elementor-section elementor-top-section elementor-element elementor-element-196649a4 elementor-section-height-min-height elementor-section-boxed elementor-section-height-default elementor-section-items-middle\" data-id=\"196649a4\" data-element_type=\"section\" data-settings=\"{&quot;background_background&quot;:&quot;classic&quot;}\">\n\t\t\t\t\t\t\t<div class=\"elementor-background-overlay\"><\/div>\n\t\t\t\t\t\t\t<div class=\"elementor-container elementor-column-gap-wider\">\n\t\t\t\t\t<div class=\"elementor-column elementor-col-100 elementor-top-column elementor-element elementor-element-2473d90f\" data-id=\"2473d90f\" data-element_type=\"column\">\n\t\t\t<div class=\"elementor-widget-wrap elementor-element-populated\">\n\t\t\t\t\t\t<div class=\"elementor-element elementor-element-30388f29 elementor-invisible elementor-widget elementor-widget-heading\" data-id=\"30388f29\" data-element_type=\"widget\" data-settings=\"{&quot;_animation&quot;:&quot;fadeInDown&quot;}\" data-widget_type=\"heading.default\">\n\t\t\t\t<div class=\"elementor-widget-container\">\n\t\t\t\t\t<h1 class=\"elementor-heading-title elementor-size-default\">Instrumentaci\u00f3n de Campo<\/h1>\t\t\t\t<\/div>\n\t\t\t\t<\/div>\n\t\t\t\t\t<\/div>\n\t\t<\/div>\n\t\t\t\t\t<\/div>\n\t\t<\/section>\n\t\t\t\t<section class=\"elementor-section elementor-top-section elementor-element elementor-element-3a215ef6 elementor-section-boxed elementor-section-height-default elementor-section-height-default\" data-id=\"3a215ef6\" data-element_type=\"section\" data-settings=\"{&quot;background_background&quot;:&quot;classic&quot;}\">\n\t\t\t\t\t\t<div class=\"elementor-container elementor-column-gap-default\">\n\t\t\t\t\t<div class=\"elementor-column elementor-col-100 elementor-top-column elementor-element elementor-element-1c4975d8\" data-id=\"1c4975d8\" data-element_type=\"column\">\n\t\t\t<div class=\"elementor-widget-wrap elementor-element-populated\">\n\t\t\t\t\t\t<section class=\"elementor-section elementor-inner-section elementor-element elementor-element-412c3fa3 elementor-section-boxed elementor-section-height-default elementor-section-height-default\" data-id=\"412c3fa3\" data-element_type=\"section\">\n\t\t\t\t\t\t<div class=\"elementor-container elementor-column-gap-wider\">\n\t\t\t\t\t<div class=\"elementor-column elementor-col-100 elementor-inner-column elementor-element elementor-element-952c2d3\" data-id=\"952c2d3\" data-element_type=\"column\">\n\t\t\t<div class=\"elementor-widget-wrap elementor-element-populated\">\n\t\t\t\t\t\t<div class=\"elementor-element elementor-element-4bd30aaa elementor-position-right elementor-widget__width-auto elementor-view-stacked elementor-shape-square elementor-vertical-align-middle elementor-mobile-position-top elementor-invisible elementor-widget elementor-widget-icon-box\" data-id=\"4bd30aaa\" data-element_type=\"widget\" data-settings=\"{&quot;_animation&quot;:&quot;fadeInDown&quot;}\" data-widget_type=\"icon-box.default\">\n\t\t\t\t<div class=\"elementor-widget-container\">\n\t\t\t\t\t\t\t<div class=\"elementor-icon-box-wrapper\">\n\n\t\t\t\t\t\t<div class=\"elementor-icon-box-icon\">\n\t\t\t\t<span  class=\"elementor-icon\">\n\t\t\t\t<i aria-hidden=\"true\" class=\"far fa-check-circle\"><\/i>\t\t\t\t<\/span>\n\t\t\t<\/div>\n\t\t\t\n\t\t\t\t\t\t<div class=\"elementor-icon-box-content\">\n\n\t\t\t\t\t\t\t\t\t<div class=\"elementor-icon-box-title\">\n\t\t\t\t\t\t<span  >\n\t\t\t\t\t\t\tProductos: Instrumentaci\u00f3n de Campo\t\t\t\t\t\t<\/span>\n\t\t\t\t\t<\/div>\n\t\t\t\t\n\t\t\t\t\n\t\t\t<\/div>\n\t\t\t\n\t\t<\/div>\n\t\t\t\t\t\t<\/div>\n\t\t\t\t<\/div>\n\t\t\t\t<div class=\"elementor-element elementor-element-21c1f672 elementor-invisible elementor-widget elementor-widget-heading\" data-id=\"21c1f672\" data-element_type=\"widget\" data-settings=\"{&quot;_animation&quot;:&quot;fadeInDown&quot;}\" data-widget_type=\"heading.default\">\n\t\t\t\t<div class=\"elementor-widget-container\">\n\t\t\t\t\t<h2 class=\"elementor-heading-title elementor-size-default\">Aqu\u00ed encontrar\u00e1s todas las subcategor\u00edas de Instrumentaci\u00f3n de Campo<\/h2>\t\t\t\t<\/div>\n\t\t\t\t<\/div>\n\t\t\t\t<div class=\"elementor-element elementor-element-cd267e9 elementor-widget elementor-widget-text-editor\" data-id=\"cd267e9\" data-element_type=\"widget\" data-widget_type=\"text-editor.default\">\n\t\t\t\t<div class=\"elementor-widget-container\">\n\t\t\t\t\t\t\t\t\t<p>Lorem ipsum dolor sit amet, consectetur adipiscing elit. Ut elit tellus, luctus nec ullamcorper mattis, pulvinar dapibus leo lorem ipsum dolor sit amet, consectetur adipiscing elit. Ut elit tellus, luctus nec ullamcorper mattis, pulvinar dapibus leo.<\/p>\t\t\t\t\t\t\t\t<\/div>\n\t\t\t\t<\/div>\n\t\t\t\t\t<\/div>\n\t\t<\/div>\n\t\t\t\t\t<\/div>\n\t\t<\/section>\n\t\t\t\t<div class=\"elementor-element elementor-element-65f87a94 elementor-grid-4 elementor-grid-tablet-3 elementor-grid-mobile-2 elementor-products-grid elementor-wc-products elementor-widget elementor-widget-wc-categories\" data-id=\"65f87a94\" data-element_type=\"widget\" data-widget_type=\"wc-categories.default\">\n\t\t\t\t<div class=\"elementor-widget-container\">\n\t\t\t\t\t<div class=\"woocommerce columns-4\"><ul class=\"products elementor-grid columns-4\">\n<li class=\"product-category product first\">\n\t<a aria-label=\"Visitar la categor\u00eda de producto Medici\u00f3n de Calidad de Agua\" href=\"https:\/\/rgztechnology.com\/index.php\/product-category\/instrumentacion-de-campo\/medicion-calidad-agua\/\"><img fetchpriority=\"high\" decoding=\"async\" src=\"https:\/\/rgztechnology.com\/wp-content\/uploads\/woocommerce-placeholder.png\" alt=\"Medici\u00f3n de Calidad de Agua\" width=\"300\" height=\"300\" \/>\t\t<h2 class=\"woocommerce-loop-category__title\">\n\t\t\tMedici\u00f3n de Calidad de Agua <mark class=\"count\">(1)<\/mark>\t\t<\/h2>\n\t\t<\/a><\/li>\n<li class=\"product-category product\">\n\t<a aria-label=\"Visitar la categor\u00eda de producto Medici\u00f3n de Nivel\" href=\"https:\/\/rgztechnology.com\/index.php\/product-category\/instrumentacion-de-campo\/medicion-de-nivel\/\"><img decoding=\"async\" src=\"https:\/\/rgztechnology.com\/wp-content\/uploads\/woocommerce-placeholder.png\" alt=\"Medici\u00f3n de Nivel\" width=\"300\" height=\"300\" \/>\t\t<h2 class=\"woocommerce-loop-category__title\">\n\t\t\tMedici\u00f3n de Nivel <mark class=\"count\">(1)<\/mark>\t\t<\/h2>\n\t\t<\/a><\/li>\n<li class=\"product-category product\">\n\t<a aria-label=\"Visitar la categor\u00eda de producto Medici\u00f3n de Presi\u00f3n\" href=\"https:\/\/rgztechnology.com\/index.php\/product-category\/instrumentacion-de-campo\/medicion-de-presion\/\"><img decoding=\"async\" src=\"https:\/\/rgztechnology.com\/wp-content\/uploads\/woocommerce-placeholder.png\" alt=\"Medici\u00f3n de Presi\u00f3n\" width=\"300\" height=\"300\" \/>\t\t<h2 class=\"woocommerce-loop-category__title\">\n\t\t\tMedici\u00f3n de Presi\u00f3n <mark class=\"count\">(1)<\/mark>\t\t<\/h2>\n\t\t<\/a><\/li>\n<li class=\"product-category product last\">\n\t<a aria-label=\"Visitar la categor\u00eda de producto Sensor de Velocidad\" href=\"https:\/\/rgztechnology.com\/index.php\/product-category\/instrumentacion-de-campo\/sensor-de-velocidad\/\"><img loading=\"lazy\" decoding=\"async\" src=\"https:\/\/rgztechnology.com\/wp-content\/uploads\/woocommerce-placeholder.png\" alt=\"Sensor de Velocidad\" width=\"300\" height=\"300\" \/>\t\t<h2 class=\"woocommerce-loop-category__title\">\n\t\t\tSensor de Velocidad <mark class=\"count\">(1)<\/mark>\t\t<\/h2>\n\t\t<\/a><\/li>\n<\/ul>\n<\/div>\t\t\t\t<\/div>\n\t\t\t\t<\/div>\n\t\t\t\t\t<\/div>\n\t\t<\/div>\n\t\t\t\t\t<\/div>\n\t\t<\/section>\n\t\t\t\t<\/div>\n\t\t","protected":false},"excerpt":{"rendered":"<p>Instrumentaci\u00f3n de Campo Productos: Instrumentaci\u00f3n de Campo Aqu\u00ed encontrar\u00e1s todas las subcategor\u00edas de Instrumentaci\u00f3n de Campo Lorem ipsum dolor sit amet, consectetur adipiscing elit. Ut elit tellus, luctus nec ullamcorper mattis, pulvinar dapibus leo lorem ipsum dolor sit amet, consectetur adipiscing elit. Ut elit tellus, luctus nec ullamcorper mattis, pulvinar dapibus leo.<\/p>\n","protected":false},"author":1,"featured_media":0,"parent":0,"menu_order":0,"comment_status":"closed","ping_status":"closed","template":"","meta":{"footnotes":""},"class_list":["post-937","page","type-page","status-publish","hentry"],"_links":{"self":[{"href":"https:\/\/rgztechnology.com\/index.php\/wp-json\/wp\/v2\/pages\/937","targetHints":{"allow":["GET"]}}],"collection":[{"href":"https:\/\/rgztechnology.com\/index.php\/wp-json\/wp\/v2\/pages"}],"about":[{"href":"https:\/\/rgztechnology.com\/index.php\/wp-json\/wp\/v2\/types\/page"}],"author":[{"embeddable":true,"href":"https:\/\/rgztechnology.com\/index.php\/wp-json\/wp\/v2\/users\/1"}],"replies":[{"embeddable":true,"href":"https:\/\/rgztechnology.com\/index.php\/wp-json\/wp\/v2\/comments?post=937"}],"version-history":[{"count":4,"href":"https:\/\/rgztechnology.com\/index.php\/wp-json\/wp\/v2\/pages\/937\/revisions"}],"predecessor-version":[{"id":948,"href":"https:\/\/rgztechnology.com\/index.php\/wp-json\/wp\/v2\/pages\/937\/revisions\/948"}],"wp:attachment":[{"href":"https:\/\/rgztechnology.com\/index.php\/wp-json\/wp\/v2\/media?parent=937"}],"curies":[{"name":"wp","href":"https:\/\/api.w.org\/{rel}","templated":true}]}}